{"id":6,"date":"2020-07-26T16:56:06","date_gmt":"2020-07-26T14:56:06","guid":{"rendered":"https:\/\/www.cosi.fr\/vbapourtous\/?page_id=6"},"modified":"2024-04-28T18:23:45","modified_gmt":"2024-04-28T16:23:45","slug":"projet","status":"publish","type":"page","link":"https:\/\/www.cosi.fr\/vbapourtous\/","title":{"rendered":"Projet"},"content":{"rendered":"\n<p><span style=\"font-family: tahoma, arial, helvetica, sans-serif;\">Il y a tout juste vingt ans (en l&rsquo;an 2000), j\u2019ai \u00e9crit le premier livre en fran\u00e7ais qui traitait de la programmation VBA (Visual Basic pour Application) des cinq applications de la suite Office, \u00e0 savoir Word, Excel, Access, Outlook et PowerPoint. \u00c0 l\u2019\u00e9poque, je voulais faire d\u00e9couvrir la puissance de ce langage de programmation qui permettait de d\u00e9cupler la productivit\u00e9 de ces outils bureautiques qui nous rendaient d\u00e9j\u00e0 de grands services et nous \u00e9vitaient des t\u00e2ches fastidieuses (que l\u2019on songe, par exemple, au publipostage). Le succ\u00e8s de cette premi\u00e8re \u00e9dition a d\u00e9pass\u00e9 toutes mes esp\u00e9rances et j\u2019\u00e9tais bien entendu ravi de partager avec mes lecteurs les joies de la programmation de macros qui nous faisaient gagner un temps pr\u00e9cieux. Je n\u2019ai cependant jamais compris le d\u00e9dain, voire le m\u00e9pris, des informaticiens professionnels \u00e0 l\u2019\u00e9gard de ce langage auquel ils reprochaient de nombreux d\u00e9fauts. Ayant programm\u00e9 dans de nombreux langages, je veux bien reconna\u00eetre que VBA a des lacunes, mais quand on a \u00e0 sa disposition un langage qui s\u2019apprend sans peine (n\u2019oublions pas que Basic est un acronyme dont le B est l\u2019initiale de <em>Beginners<\/em> qui signifie \u00ab\u00a0d\u00e9butants\u00a0\u00bb en anglais) et qui facilite la vie, il faut savoir \u00eatre pragmatique et profiter de l\u2019aubaine. En tous les cas, telle est ma philosophie.<\/span><\/p>\n<p><span style=\"font-family: tahoma, arial, helvetica, sans-serif;\">Aujourd&rsquo;hui (septembre 2020), je suis heureux de vous pr\u00e9senter la nouvelle version de mon livre.<\/span><\/p>\n<p><img loading=\"lazy\" decoding=\"async\" class=\"wp-image-36 aligncenter\" src=\"https:\/\/www.cosi.fr\/vbapourtous\/wp-content\/uploads\/2020\/09\/Couverture-213x300.jpg\" alt=\"\" width=\"370\" height=\"521\" srcset=\"https:\/\/www.cosi.fr\/vbapourtous\/wp-content\/uploads\/2020\/09\/Couverture-213x300.jpg 213w, https:\/\/www.cosi.fr\/vbapourtous\/wp-content\/uploads\/2020\/09\/Couverture.jpg 551w\" sizes=\"auto, (max-width: 370px) 100vw, 370px\" \/><\/p>\n<h5 style=\"text-align: center;\"><a href=\"https:\/\/www.dunod.com\/sites\/default\/files\/atoms\/files\/Feuilletage_758.pdf\" target=\"_blank\" rel=\"noopener noreferrer\"><span style=\"background-color: #99cc00;\">D\u00e9couvrez un extrait du livre !<\/span><\/a><\/h5>\n<p class=\"TexteCourant\"><span style=\"font-family: tahoma, arial, helvetica, sans-serif;\">Sur ce site Web, vous trouverez les codes de cet ouvrage, mais ce site a une deuxi\u00e8me ambition : instaurer un dialogue avec mes lecteurs. En effet, il sera tr\u00e8s prochainement possible de poster un commentaire sur chaque exemple de code de cet ouvrage de telle sorte que vous pourrez poser une question si vous ne comprenez pas bien un exemple ; je me ferai alors un plaisir de vous r\u00e9pondre en pr\u00e9cisant et en compl\u00e9tant mon propos. Si vous avez trouv\u00e9 un autre exemple plus pertinent ou bien une variante int\u00e9ressante de l\u2019un des programmes que je propose, vous pourrez aussi, \u00e0 votre tour, partager vos connaissances avec les autres lecteurs.<\/span><\/p>\n<p class=\"TexteCourant\"><span style=\"font-family: tahoma, arial, helvetica, sans-serif;\">Ce site Web sera enrichi au fil des mois et comprendra une s\u00e9rie de documentations \u00e9lectroniques qui n\u2019ont pas leur place dans un ouvrage papier, mais qui sont n\u00e9anmoins importantes quand on apprend \u00e0 programmer.<\/span><\/p>\n<p><span style=\"font-family: tahoma, arial, helvetica, sans-serif;\">Bonne programmation VBA !<\/span><\/p>\n<p style=\"text-align: right;\"><span style=\"font-family: tahoma, arial, helvetica, sans-serif;\">Dominique Maniez<\/span><\/p>\n<p>\u00a0<\/p>\n\n\n\n<hr class=\"wp-block-separator\"\/>\n","protected":false},"excerpt":{"rendered":"<p>Il y a tout juste vingt ans (en l&rsquo;an 2000), j\u2019ai \u00e9crit le premier livre en fran\u00e7ais qui traitait de la programmation VBA (Visual Basic pour Application) des cinq applications de la suite Office, \u00e0 savoir Word, Excel, Access, Outlook et PowerPoint. \u00c0 l\u2019\u00e9poque, je voulais faire d\u00e9couvrir la puissance de ce langage de programmation [&hellip;]<\/p>\n","protected":false},"author":2,"featured_media":21,"parent":0,"menu_order":0,"comment_status":"closed","ping_status":"closed","template":"templates\/template-full-width.php","meta":{"footnotes":""},"class_list":["post-6","page","type-page","status-publish","has-post-thumbnail","hentry"],"_links":{"self":[{"href":"https:\/\/www.cosi.fr\/vbapourtous\/wp-json\/wp\/v2\/pages\/6","targetHints":{"allow":["GET"]}}],"collection":[{"href":"https:\/\/www.cosi.fr\/vbapourtous\/wp-json\/wp\/v2\/pages"}],"about":[{"href":"https:\/\/www.cosi.fr\/vbapourtous\/wp-json\/wp\/v2\/types\/page"}],"author":[{"embeddable":true,"href":"https:\/\/www.cosi.fr\/vbapourtous\/wp-json\/wp\/v2\/users\/2"}],"replies":[{"embeddable":true,"href":"https:\/\/www.cosi.fr\/vbapourtous\/wp-json\/wp\/v2\/comments?post=6"}],"version-history":[{"count":7,"href":"https:\/\/www.cosi.fr\/vbapourtous\/wp-json\/wp\/v2\/pages\/6\/revisions"}],"predecessor-version":[{"id":52,"href":"https:\/\/www.cosi.fr\/vbapourtous\/wp-json\/wp\/v2\/pages\/6\/revisions\/52"}],"wp:featuredmedia":[{"embeddable":true,"href":"https:\/\/www.cosi.fr\/vbapourtous\/wp-json\/wp\/v2\/media\/21"}],"wp:attachment":[{"href":"https:\/\/www.cosi.fr\/vbapourtous\/wp-json\/wp\/v2\/media?parent=6"}],"curies":[{"name":"wp","href":"https:\/\/api.w.org\/{rel}","templated":true}]}}