{"id":9,"date":"2019-01-25T18:29:01","date_gmt":"2019-01-25T17:29:01","guid":{"rendered":"https:\/\/www.cosi.fr\/?page_id=9"},"modified":"2019-03-12T17:30:30","modified_gmt":"2019-03-12T16:30:30","slug":"a-propos","status":"publish","type":"page","link":"https:\/\/www.cosi.fr\/cosi\/a-propos\/","title":{"rendered":"\u00c0 propos"},"content":{"rendered":"\n<p> Apr\u00e8s des \u00e9tudes de philosophie, Dominique Maniez s\u2019est reconverti dans l\u2019informatique. Auteur de nombreux ouvrages de vulgarisation, il s\u2019est fait une sp\u00e9cialit\u00e9 de l\u2019apprentissage de la programmation \u00e0 des grands d\u00e9butants et \u00e0 des publics non scientifiques. Il enseigne actuellement les nouvelles technologies et l&rsquo;algorithmique \u00e0 l\u2019Universit\u00e9 de Lyon \u00e0 des \u00e9tudiants de sciences humaines. <\/p>\n\n\n\n<p>Pour avoir un aper\u00e7u des publications de Dominique Maniez, vous pouvez consulter le catalogue du Syst\u00e8me Universitaire de Documentation :<\/p>\n\n\n\n<p><a href=\"http:\/\/www.sudoc.abes.fr\/\/DB=2.1\/SET=2\/TTL=1\/CMD?ACT=SRCHA&amp;IKT=1004&amp;SRT=YOP&amp;TRM=MANIEZ+DOMINIQUE\" target=\"_blank\" rel=\"noreferrer noopener\" aria-label=\"http:\/\/www.sudoc.abes.fr\/\/DB=2.1\/SET=2\/TTL=1\/CMD?ACT=SRCHA&amp;IKT=1004&amp;SRT=YOP&amp;TRM=MANIEZ+DOMINIQUE (s\u2019ouvre dans un nouvel onglet)\">http:\/\/www.sudoc.abes.fr\/\/DB=2.1\/SET=2\/TTL=1\/CMD?ACT=SRCHA&amp;IKT=1004&amp;SRT=YOP&amp;TRM=MANIEZ+DOMINIQUE<\/a><\/p>\n\n\n\n<p>Pour contacter l&rsquo;auteur de ces pages, vous pouvez \u00e9crire aux initiales du pr\u00e9nom et du nom chez le nom de domaine&#8230;<\/p>\n\n\n<p><!--EndFragment--><br>\n<br>\n<\/p>\n\n\n<p><strong>par courrier \u00e9lectronique :<\/strong>&nbsp;dominique.maniez[at]cosi.fr<\/p>\n","protected":false},"excerpt":{"rendered":"<p>Apr\u00e8s des \u00e9tudes de philosophie, Dominique Maniez s\u2019est reconverti dans l\u2019informatique. Auteur de nombreux ouvrages de vulgarisation, il s\u2019est fait une sp\u00e9cialit\u00e9 de l\u2019apprentissage de la programmation \u00e0 des grands d\u00e9butants et \u00e0 des publics non scientifiques. Il enseigne actuellement les nouvelles technologies et l&rsquo;algorithmique \u00e0 l\u2019Universit\u00e9 de Lyon \u00e0 des \u00e9tudiants de sciences humaines. [&hellip;]<\/p>\n","protected":false},"author":1,"featured_media":0,"parent":0,"menu_order":0,"comment_status":"closed","ping_status":"closed","template":"","meta":{"_monsterinsights_skip_tracking":false,"_monsterinsights_sitenote_active":false,"_monsterinsights_sitenote_note":"","_monsterinsights_sitenote_category":0,"footnotes":""},"class_list":["post-9","page","type-page","status-publish","hentry"],"yoast_head":"<!-- This site is optimized with the Yoast SEO plugin v22.5 - https:\/\/yoast.com\/wordpress\/plugins\/seo\/ -->\n<title>\u00c0 propos - COSI<\/title>\n<meta name=\"robots\" content=\"index, follow, max-snippet:-1, max-image-preview:large, max-video-preview:-1\" \/>\n<link rel=\"canonical\" href=\"https:\/\/www.cosi.fr\/cosi\/a-propos\/\" \/>\n<meta property=\"og:locale\" content=\"fr_FR\" \/>\n<meta property=\"og:type\" content=\"article\" \/>\n<meta property=\"og:title\" content=\"\u00c0 propos - COSI\" \/>\n<meta property=\"og:description\" content=\"Apr\u00e8s des \u00e9tudes de philosophie, Dominique Maniez s\u2019est reconverti dans l\u2019informatique. Auteur de nombreux ouvrages de vulgarisation, il s\u2019est fait une sp\u00e9cialit\u00e9 de l\u2019apprentissage de la programmation \u00e0 des grands d\u00e9butants et \u00e0 des publics non scientifiques. Il enseigne actuellement les nouvelles technologies et l&rsquo;algorithmique \u00e0 l\u2019Universit\u00e9 de Lyon \u00e0 des \u00e9tudiants de sciences humaines. [&hellip;]\" \/>\n<meta property=\"og:url\" content=\"https:\/\/www.cosi.fr\/cosi\/a-propos\/\" \/>\n<meta property=\"og:site_name\" content=\"COSI\" \/>\n<meta property=\"article:modified_time\" content=\"2019-03-12T16:30:30+00:00\" \/>\n<meta name=\"twitter:card\" content=\"summary_large_image\" \/>\n<meta name=\"twitter:label1\" content=\"Dur\u00e9e de lecture estim\u00e9e\" \/>\n\t<meta name=\"twitter:data1\" content=\"1 minute\" \/>\n<script type=\"application\/ld+json\" class=\"yoast-schema-graph\">{\"@context\":\"https:\/\/schema.org\",\"@graph\":[{\"@type\":\"WebPage\",\"@id\":\"https:\/\/www.cosi.fr\/cosi\/a-propos\/\",\"url\":\"https:\/\/www.cosi.fr\/cosi\/a-propos\/\",\"name\":\"\u00c0 propos - COSI\",\"isPartOf\":{\"@id\":\"https:\/\/www.cosi.fr\/cosi\/#website\"},\"datePublished\":\"2019-01-25T17:29:01+00:00\",\"dateModified\":\"2019-03-12T16:30:30+00:00\",\"breadcrumb\":{\"@id\":\"https:\/\/www.cosi.fr\/cosi\/a-propos\/#breadcrumb\"},\"inLanguage\":\"fr-FR\",\"potentialAction\":[{\"@type\":\"ReadAction\",\"target\":[\"https:\/\/www.cosi.fr\/cosi\/a-propos\/\"]}]},{\"@type\":\"BreadcrumbList\",\"@id\":\"https:\/\/www.cosi.fr\/cosi\/a-propos\/#breadcrumb\",\"itemListElement\":[{\"@type\":\"ListItem\",\"position\":1,\"name\":\"Accueil\",\"item\":\"https:\/\/www.cosi.fr\/cosi\/\"},{\"@type\":\"ListItem\",\"position\":2,\"name\":\"\u00c0 propos\"}]},{\"@type\":\"WebSite\",\"@id\":\"https:\/\/www.cosi.fr\/cosi\/#website\",\"url\":\"https:\/\/www.cosi.fr\/cosi\/\",\"name\":\"COSI\",\"description\":\"\",\"potentialAction\":[{\"@type\":\"SearchAction\",\"target\":{\"@type\":\"EntryPoint\",\"urlTemplate\":\"https:\/\/www.cosi.fr\/cosi\/?s={search_term_string}\"},\"query-input\":\"required name=search_term_string\"}],\"inLanguage\":\"fr-FR\"}]}<\/script>\n<!-- \/ Yoast SEO plugin. -->","yoast_head_json":{"title":"\u00c0 propos - COSI","robots":{"index":"index","follow":"follow","max-snippet":"max-snippet:-1","max-image-preview":"max-image-preview:large","max-video-preview":"max-video-preview:-1"},"canonical":"https:\/\/www.cosi.fr\/cosi\/a-propos\/","og_locale":"fr_FR","og_type":"article","og_title":"\u00c0 propos - COSI","og_description":"Apr\u00e8s des \u00e9tudes de philosophie, Dominique Maniez s\u2019est reconverti dans l\u2019informatique. Auteur de nombreux ouvrages de vulgarisation, il s\u2019est fait une sp\u00e9cialit\u00e9 de l\u2019apprentissage de la programmation \u00e0 des grands d\u00e9butants et \u00e0 des publics non scientifiques. Il enseigne actuellement les nouvelles technologies et l&rsquo;algorithmique \u00e0 l\u2019Universit\u00e9 de Lyon \u00e0 des \u00e9tudiants de sciences humaines. [&hellip;]","og_url":"https:\/\/www.cosi.fr\/cosi\/a-propos\/","og_site_name":"COSI","article_modified_time":"2019-03-12T16:30:30+00:00","twitter_card":"summary_large_image","twitter_misc":{"Dur\u00e9e de lecture estim\u00e9e":"1 minute"},"schema":{"@context":"https:\/\/schema.org","@graph":[{"@type":"WebPage","@id":"https:\/\/www.cosi.fr\/cosi\/a-propos\/","url":"https:\/\/www.cosi.fr\/cosi\/a-propos\/","name":"\u00c0 propos - COSI","isPartOf":{"@id":"https:\/\/www.cosi.fr\/cosi\/#website"},"datePublished":"2019-01-25T17:29:01+00:00","dateModified":"2019-03-12T16:30:30+00:00","breadcrumb":{"@id":"https:\/\/www.cosi.fr\/cosi\/a-propos\/#breadcrumb"},"inLanguage":"fr-FR","potentialAction":[{"@type":"ReadAction","target":["https:\/\/www.cosi.fr\/cosi\/a-propos\/"]}]},{"@type":"BreadcrumbList","@id":"https:\/\/www.cosi.fr\/cosi\/a-propos\/#breadcrumb","itemListElement":[{"@type":"ListItem","position":1,"name":"Accueil","item":"https:\/\/www.cosi.fr\/cosi\/"},{"@type":"ListItem","position":2,"name":"\u00c0 propos"}]},{"@type":"WebSite","@id":"https:\/\/www.cosi.fr\/cosi\/#website","url":"https:\/\/www.cosi.fr\/cosi\/","name":"COSI","description":"","potentialAction":[{"@type":"SearchAction","target":{"@type":"EntryPoint","urlTemplate":"https:\/\/www.cosi.fr\/cosi\/?s={search_term_string}"},"query-input":"required name=search_term_string"}],"inLanguage":"fr-FR"}]}},"_links":{"self":[{"href":"https:\/\/www.cosi.fr\/cosi\/wp-json\/wp\/v2\/pages\/9","targetHints":{"allow":["GET"]}}],"collection":[{"href":"https:\/\/www.cosi.fr\/cosi\/wp-json\/wp\/v2\/pages"}],"about":[{"href":"https:\/\/www.cosi.fr\/cosi\/wp-json\/wp\/v2\/types\/page"}],"author":[{"embeddable":true,"href":"https:\/\/www.cosi.fr\/cosi\/wp-json\/wp\/v2\/users\/1"}],"replies":[{"embeddable":true,"href":"https:\/\/www.cosi.fr\/cosi\/wp-json\/wp\/v2\/comments?post=9"}],"version-history":[{"count":3,"href":"https:\/\/www.cosi.fr\/cosi\/wp-json\/wp\/v2\/pages\/9\/revisions"}],"predecessor-version":[{"id":55,"href":"https:\/\/www.cosi.fr\/cosi\/wp-json\/wp\/v2\/pages\/9\/revisions\/55"}],"wp:attachment":[{"href":"https:\/\/www.cosi.fr\/cosi\/wp-json\/wp\/v2\/media?parent=9"}],"curies":[{"name":"wp","href":"https:\/\/api.w.org\/{rel}","templated":true}]}}