{"id":15,"date":"2019-01-25T18:30:26","date_gmt":"2019-01-25T17:30:26","guid":{"rendered":"https:\/\/www.cosi.fr\/?page_id=15"},"modified":"2019-03-12T17:25:45","modified_gmt":"2019-03-12T16:25:45","slug":"accueil","status":"publish","type":"page","link":"https:\/\/www.cosi.fr\/cosi\/","title":{"rendered":"Accueil"},"content":{"rendered":"\n<p>Le site COSI a l&rsquo;ambition de pr\u00e9senter les activit\u00e9s \u00e9ditoriales de Dominique MANIEZ<\/p>\n\n\n\n<p>COSI a la pr\u00e9tention d&rsquo;incarner une informatique \u00e0 visage humain. Issu d&rsquo;une double culture (sciences humaines et informatique), Dominique Maniez consid\u00e8re que l&rsquo;informatique est avant tout au service de l&rsquo;utilisateur. Savoir \u00e9couter l&rsquo;utilisateur, comprendre ses besoins, se mettre \u00e0 sa port\u00e9e et le former intelligemment sont les principes qui pr\u00e9sident \u00e0 notre conception de l&rsquo;informatique et qui se retrouvent \u00e9galement dans les ouvrages publi\u00e9s par Dominique Maniez o\u00f9 tout jargon technique est syst\u00e9matiquement banni.<\/p>\n\n\n\n<p>D\u00e9couvrez notre dernier ouvrage <a rel=\"noreferrer noopener\" aria-label=\"Apprendre \u00e0 programmer en 10 semaines chrono (s\u2019ouvre dans un nouvel onglet)\" href=\"https:\/\/cosi.fr\/progbloc\/\" target=\"_blank\">Apprendre \u00e0 programmer en 10 semaines chrono<\/a> !<\/p>\n\n\n\n<p><\/p>\n","protected":false},"excerpt":{"rendered":"<p>Le site COSI a l&rsquo;ambition de pr\u00e9senter les activit\u00e9s \u00e9ditoriales de Dominique MANIEZ COSI a la pr\u00e9tention d&rsquo;incarner une informatique \u00e0 visage humain. Issu d&rsquo;une double culture (sciences humaines et informatique), Dominique Maniez consid\u00e8re que l&rsquo;informatique est avant tout au service de l&rsquo;utilisateur. Savoir \u00e9couter l&rsquo;utilisateur, comprendre ses besoins, se mettre \u00e0 sa port\u00e9e et [&hellip;]<\/p>\n","protected":false},"author":1,"featured_media":0,"parent":0,"menu_order":0,"comment_status":"closed","ping_status":"closed","template":"","meta":{"_monsterinsights_skip_tracking":false,"_monsterinsights_sitenote_active":false,"_monsterinsights_sitenote_note":"","_monsterinsights_sitenote_category":0,"footnotes":""},"class_list":["post-15","page","type-page","status-publish","hentry"],"yoast_head":"<!-- This site is optimized with the Yoast SEO plugin v22.5 - https:\/\/yoast.com\/wordpress\/plugins\/seo\/ -->\n<title>Accueil - COSI<\/title>\n<meta name=\"robots\" content=\"index, follow, max-snippet:-1, max-image-preview:large, max-video-preview:-1\" \/>\n<link rel=\"canonical\" href=\"https:\/\/www.cosi.fr\/cosi\/\" \/>\n<meta property=\"og:locale\" content=\"fr_FR\" \/>\n<meta property=\"og:type\" content=\"article\" \/>\n<meta property=\"og:title\" content=\"Accueil - COSI\" \/>\n<meta property=\"og:description\" content=\"Le site COSI a l&rsquo;ambition de pr\u00e9senter les activit\u00e9s \u00e9ditoriales de Dominique MANIEZ COSI a la pr\u00e9tention d&rsquo;incarner une informatique \u00e0 visage humain. Issu d&rsquo;une double culture (sciences humaines et informatique), Dominique Maniez consid\u00e8re que l&rsquo;informatique est avant tout au service de l&rsquo;utilisateur. Savoir \u00e9couter l&rsquo;utilisateur, comprendre ses besoins, se mettre \u00e0 sa port\u00e9e et [&hellip;]\" \/>\n<meta property=\"og:url\" content=\"https:\/\/www.cosi.fr\/cosi\/\" \/>\n<meta property=\"og:site_name\" content=\"COSI\" \/>\n<meta property=\"article:modified_time\" content=\"2019-03-12T16:25:45+00:00\" \/>\n<meta name=\"twitter:card\" content=\"summary_large_image\" \/>\n<meta name=\"twitter:label1\" content=\"Dur\u00e9e de lecture estim\u00e9e\" \/>\n\t<meta name=\"twitter:data1\" content=\"1 minute\" \/>\n<script type=\"application\/ld+json\" class=\"yoast-schema-graph\">{\"@context\":\"https:\/\/schema.org\",\"@graph\":[{\"@type\":\"WebPage\",\"@id\":\"https:\/\/www.cosi.fr\/cosi\/\",\"url\":\"https:\/\/www.cosi.fr\/cosi\/\",\"name\":\"Accueil - COSI\",\"isPartOf\":{\"@id\":\"https:\/\/www.cosi.fr\/cosi\/#website\"},\"datePublished\":\"2019-01-25T17:30:26+00:00\",\"dateModified\":\"2019-03-12T16:25:45+00:00\",\"breadcrumb\":{\"@id\":\"https:\/\/www.cosi.fr\/cosi\/#breadcrumb\"},\"inLanguage\":\"fr-FR\",\"potentialAction\":[{\"@type\":\"ReadAction\",\"target\":[\"https:\/\/www.cosi.fr\/cosi\/\"]}]},{\"@type\":\"BreadcrumbList\",\"@id\":\"https:\/\/www.cosi.fr\/cosi\/#breadcrumb\",\"itemListElement\":[{\"@type\":\"ListItem\",\"position\":1,\"name\":\"Accueil\",\"item\":\"https:\/\/www.cosi.fr\/cosi\/\"},{\"@type\":\"ListItem\",\"position\":2,\"name\":\"Accueil\"}]},{\"@type\":\"WebSite\",\"@id\":\"https:\/\/www.cosi.fr\/cosi\/#website\",\"url\":\"https:\/\/www.cosi.fr\/cosi\/\",\"name\":\"COSI\",\"description\":\"\",\"potentialAction\":[{\"@type\":\"SearchAction\",\"target\":{\"@type\":\"EntryPoint\",\"urlTemplate\":\"https:\/\/www.cosi.fr\/cosi\/?s={search_term_string}\"},\"query-input\":\"required name=search_term_string\"}],\"inLanguage\":\"fr-FR\"}]}<\/script>\n<!-- \/ Yoast SEO plugin. -->","yoast_head_json":{"title":"Accueil - COSI","robots":{"index":"index","follow":"follow","max-snippet":"max-snippet:-1","max-image-preview":"max-image-preview:large","max-video-preview":"max-video-preview:-1"},"canonical":"https:\/\/www.cosi.fr\/cosi\/","og_locale":"fr_FR","og_type":"article","og_title":"Accueil - COSI","og_description":"Le site COSI a l&rsquo;ambition de pr\u00e9senter les activit\u00e9s \u00e9ditoriales de Dominique MANIEZ COSI a la pr\u00e9tention d&rsquo;incarner une informatique \u00e0 visage humain. Issu d&rsquo;une double culture (sciences humaines et informatique), Dominique Maniez consid\u00e8re que l&rsquo;informatique est avant tout au service de l&rsquo;utilisateur. Savoir \u00e9couter l&rsquo;utilisateur, comprendre ses besoins, se mettre \u00e0 sa port\u00e9e et [&hellip;]","og_url":"https:\/\/www.cosi.fr\/cosi\/","og_site_name":"COSI","article_modified_time":"2019-03-12T16:25:45+00:00","twitter_card":"summary_large_image","twitter_misc":{"Dur\u00e9e de lecture estim\u00e9e":"1 minute"},"schema":{"@context":"https:\/\/schema.org","@graph":[{"@type":"WebPage","@id":"https:\/\/www.cosi.fr\/cosi\/","url":"https:\/\/www.cosi.fr\/cosi\/","name":"Accueil - COSI","isPartOf":{"@id":"https:\/\/www.cosi.fr\/cosi\/#website"},"datePublished":"2019-01-25T17:30:26+00:00","dateModified":"2019-03-12T16:25:45+00:00","breadcrumb":{"@id":"https:\/\/www.cosi.fr\/cosi\/#breadcrumb"},"inLanguage":"fr-FR","potentialAction":[{"@type":"ReadAction","target":["https:\/\/www.cosi.fr\/cosi\/"]}]},{"@type":"BreadcrumbList","@id":"https:\/\/www.cosi.fr\/cosi\/#breadcrumb","itemListElement":[{"@type":"ListItem","position":1,"name":"Accueil","item":"https:\/\/www.cosi.fr\/cosi\/"},{"@type":"ListItem","position":2,"name":"Accueil"}]},{"@type":"WebSite","@id":"https:\/\/www.cosi.fr\/cosi\/#website","url":"https:\/\/www.cosi.fr\/cosi\/","name":"COSI","description":"","potentialAction":[{"@type":"SearchAction","target":{"@type":"EntryPoint","urlTemplate":"https:\/\/www.cosi.fr\/cosi\/?s={search_term_string}"},"query-input":"required name=search_term_string"}],"inLanguage":"fr-FR"}]}},"_links":{"self":[{"href":"https:\/\/www.cosi.fr\/cosi\/wp-json\/wp\/v2\/pages\/15","targetHints":{"allow":["GET"]}}],"collection":[{"href":"https:\/\/www.cosi.fr\/cosi\/wp-json\/wp\/v2\/pages"}],"about":[{"href":"https:\/\/www.cosi.fr\/cosi\/wp-json\/wp\/v2\/types\/page"}],"author":[{"embeddable":true,"href":"https:\/\/www.cosi.fr\/cosi\/wp-json\/wp\/v2\/users\/1"}],"replies":[{"embeddable":true,"href":"https:\/\/www.cosi.fr\/cosi\/wp-json\/wp\/v2\/comments?post=15"}],"version-history":[{"count":2,"href":"https:\/\/www.cosi.fr\/cosi\/wp-json\/wp\/v2\/pages\/15\/revisions"}],"predecessor-version":[{"id":53,"href":"https:\/\/www.cosi.fr\/cosi\/wp-json\/wp\/v2\/pages\/15\/revisions\/53"}],"wp:attachment":[{"href":"https:\/\/www.cosi.fr\/cosi\/wp-json\/wp\/v2\/media?parent=15"}],"curies":[{"name":"wp","href":"https:\/\/api.w.org\/{rel}","templated":true}]}}